{"id":15,"date":"2017-04-05T12:38:26","date_gmt":"2017-04-05T12:38:26","guid":{"rendered":"http:\/\/www.jobs.lu\/recruiters\/?page_id=15"},"modified":"2019-11-21T10:17:29","modified_gmt":"2019-11-21T10:17:29","slug":"testimonials","status":"publish","type":"page","link":"https:\/\/en.jobs.lu\/recruiters\/testimonials\/","title":{"rendered":"Testimonials"},"content":{"rendered":"<p>[vc_row][vc_column][vc_column_text]\n<div id=\"wpv-view-layout-119-TCPID15\" class=\"js-wpv-view-layout js-wpv-layout-responsive js-wpv-view-layout-119-TCPID15\" data-viewnumber=\"119-TCPID15\" data-pagination=\"{&quot;id&quot;:119,&quot;query&quot;:&quot;normal&quot;,&quot;type&quot;:&quot;paged&quot;,&quot;effect&quot;:&quot;fade&quot;,&quot;duration&quot;:500,&quot;speed&quot;:5,&quot;pause_on_hover&quot;:&quot;disabled&quot;,&quot;stop_rollover&quot;:&quot;false&quot;,&quot;cache_pages&quot;:&quot;enabled&quot;,&quot;preload_images&quot;:&quot;enabled&quot;,&quot;preload_pages&quot;:&quot;enabled&quot;,&quot;preload_reach&quot;:&quot;1&quot;,&quot;spinner&quot;:&quot;builtin&quot;,&quot;spinner_image&quot;:&quot;https:\/\/en.jobs.lu\/recruiters\/wp-content\/plugins\/wp-views\/embedded\/res\/img\/ajax-loader.gif&quot;,&quot;callback_next&quot;:&quot;&quot;,&quot;manage_history&quot;:&quot;enabled&quot;,&quot;has_controls_in_form&quot;:&quot;disabled&quot;,&quot;infinite_tolerance&quot;:&quot;0&quot;,&quot;max_pages&quot;:1,&quot;page&quot;:1,&quot;base_permalink&quot;:&quot;\/recruiters\/wp-json\/wp\/v2\/pages\/15?wpv_view_count=119-TCPID15&amp;wpv_paged=WPV_PAGE_NUM&quot;,&quot;loop&quot;:{&quot;type&quot;:&quot;&quot;,&quot;name&quot;:&quot;&quot;,&quot;data&quot;:[],&quot;id&quot;:0}}\" data-permalink=\"\/recruiters\/wp-json\/wp\/v2\/pages\/15?wpv_view_count=119-TCPID15\">\n\n\t\n\n\t\t\n          <div class=\"vc_row wpb_row vc_row-fluid\" style=\"margin-bottom:10px; margin-top:20px; margin-left: 0px; margin-right: 0px;\"> <div class=\"wpb_wrapper\">\n\t\t\t\t\t\t<div class=\"wpb_wrapper company-logo\">\n                  \n          \t\t\t  <img decoding=\"async\" src=\"https:\/\/en.jobs.lu\/recruiters\/wp-content\/uploads\/GetImage-wpcf_150x29.jpg\" title=\"Testimonial Logo\" class=\"alignleft\" style=\"float:left; \" \/>\n              \n            <\/div>   \n            \n          \n\t\t\t\t<div class=\"wpb_wrapper content-test\">\n            \n         \t\t\t <h3 style=\"font-size:1.5em; float:left; font-weight:bold;margin-bottom:0; \">ROTAREX S.A.<\/h3>\n              \t\t\t<br clear=\"right\"\/>\n                  <div style=\"font-size:0.9em; line-height:1em;\"><p class=\"x_MsoNormal\"><span lang=\"FR-CH\"><span data-olk-copy-source=\"MessageBody\">Nous sommes tr\u00e8s satisfaits de notre collaboration avec Jobs.lu. C\u2019est un plaisir de travailler avec cette \u00e9quipe. Ils sont tr\u00e8s r\u00e9actifs en cas de probl\u00e8me et \u00e0 l\u2019\u00e9coute de nos besoins. Nous appr\u00e9cions particuli\u00e8rement que le suivi soit toujours assur\u00e9, m\u00eame en p\u00e9riode de cong\u00e9 ou de maladie.<\/span><\/span><\/p>\n<p class=\"x_MsoNormal\"><span lang=\"FR-CH\">\u00a0<\/span><\/p>\n<\/div>\n       \t\t\t\t<p style=\"text-align:right; font-size:1em; margin:0;\"> <strong> Margaux Dumas, Talent Acquisition Manager\u00a0<\/strong> <\/p>\n        \t\t\n        \t\t\n              <\/div>\n               <br clear=\"all\"\/>\n            <\/div>\n          <\/div>   \n      \n            <br\/>\n            <hr \/>\n\t\t\n          <div class=\"vc_row wpb_row vc_row-fluid\" style=\"margin-bottom:10px; margin-top:20px; margin-left: 0px; margin-right: 0px;\"> <div class=\"wpb_wrapper\">\n\t\t\t\t\t\t<div class=\"wpb_wrapper company-logo\">\n                  \n          \t\t\t  <img decoding=\"async\" src=\"https:\/\/en.jobs.lu\/recruiters\/wp-content\/uploads\/GetImage-wpcf_150x129.png\" title=\"Testimonial Logo\" class=\"alignleft\" style=\"float:left; \" \/>\n              \n            <\/div>   \n            \n          \n\t\t\t\t<div class=\"wpb_wrapper content-test\">\n            \n         \t\t\t <h3 style=\"font-size:1.5em; float:left; font-weight:bold;margin-bottom:0; \">ManpowerGroup Luxembourg<\/h3>\n              \t\t\t<br clear=\"right\"\/>\n                  <div style=\"font-size:0.9em; line-height:1em;\"><p>Chez ManpowerGroup, nous avons trouv\u00e9 en\u00a0<a title=\"https:\/\/url.de.m.mimecastprotect.com\/s\/K3BhClRZEZI2XKVN9tGfVTzNNXF?domain=jobs.lu\" href=\"https:\/\/url.de.m.mimecastprotect.com\/s\/K3BhClRZEZI2XKVN9tGfVTzNNXF?domain=jobs.lu\" data-auth=\"NotApplicable\" data-linkindex=\"0\">Jobs.lu<\/a>\u00a0un partenaire de confiance pour accompagner notre strat\u00e9gie de recrutement. Gr\u00e2ce \u00e0 leur plateforme efficace et \u00e0 leur compr\u00e9hension du march\u00e9 luxembourgeois, nous avons pu accro\u00eetre notre visibilit\u00e9 et attirer des talents qualifi\u00e9s. Leur interface ergonomique et intuitive r\u00e9pond aussi bien aux besoins des recruteurs qu\u2019\u00e0 ceux des candidats, facilitant ainsi les interactions et les processus de recrutement. Leur \u00e9quipe est r\u00e9active, \u00e0 l\u2019\u00e9coute et toujours force de proposition pour optimiser nos performances. Cette collaboration nous permet d\u2019atteindre nos objectifs de recrutement avec agilit\u00e9 et efficacit\u00e9<\/p>\n<\/div>\n       \t\t\t\t<p style=\"text-align:right; font-size:1em; margin:0;\"> <strong> Mathilde Lambin, Head of Operations<\/strong> <\/p>\n        \t\t\n        \t\t\n              <\/div>\n               <br clear=\"all\"\/>\n            <\/div>\n          <\/div>   \n      \n            <br\/>\n            <hr \/>\n\t\t\n          <div class=\"vc_row wpb_row vc_row-fluid\" style=\"margin-bottom:10px; margin-top:20px; margin-left: 0px; margin-right: 0px;\"> <div class=\"wpb_wrapper\">\n\t\t\t\t\t\t<div class=\"wpb_wrapper company-logo\">\n                  \n          \t\t\t  <img decoding=\"async\" src=\"https:\/\/www.jobs.lu\/recruiters\/wp-content\/uploads\/2017\/04\/Tango-Testimonial.jpg\" title=\"Testimonial Logo\" class=\"alignleft\" style=\"float:left; \" \/>\n              \n            <\/div>   \n            \n          \n\t\t\t\t<div class=\"wpb_wrapper content-test\">\n            \n         \t\t\t <h3 style=\"font-size:1.5em; float:left; font-weight:bold;margin-bottom:0; \">Tango<\/h3>\n              \t\t\t<br clear=\"right\"\/>\n                  <div style=\"font-size:0.9em; line-height:1em;\"><p>It is our first recruitment source: each year we carry out at least 50% of our recruitments via the website.<\/p>\n<\/div>\n       \t\t\t\t<p style=\"text-align:right; font-size:1em; margin:0;\"> <strong> Sandra Sidon, HR & Administration Director<\/strong> <\/p>\n        \t\t\n        \t\t\n              <\/div>\n               <br clear=\"all\"\/>\n            <\/div>\n          <\/div>   \n      \n            <br\/>\n            <hr \/>\n\t\t\n          <div class=\"vc_row wpb_row vc_row-fluid\" style=\"margin-bottom:10px; margin-top:20px; margin-left: 0px; margin-right: 0px;\"> <div class=\"wpb_wrapper\">\n\t\t\t\t\t\t<div class=\"wpb_wrapper company-logo\">\n                  \n          \t\t\t  <img decoding=\"async\" src=\"https:\/\/www.jobs.lu\/recruiters\/wp-content\/uploads\/2017\/04\/POST-Testimonial.jpg\" title=\"Testimonial Logo\" class=\"alignleft\" style=\"float:left; \" \/>\n              \n            <\/div>   \n            \n          \n\t\t\t\t<div class=\"wpb_wrapper content-test\">\n            \n         \t\t\t <h3 style=\"font-size:1.5em; float:left; font-weight:bold;margin-bottom:0; \">POST Luxembourg<\/h3>\n              \t\t\t<br clear=\"right\"\/>\n                  <div style=\"font-size:0.9em; line-height:1em;\"><p>Jobs.lu is a well-known and popular job board and is a reference in Luxembourg.<\/p>\n<\/div>\n       \t\t\t\t<p style=\"text-align:right; font-size:1em; margin:0;\"> <strong> Hyppolito Staudt, HR Business Partner<\/strong> <\/p>\n        \t\t\n        \t\t\n              <\/div>\n               <br clear=\"all\"\/>\n            <\/div>\n          <\/div>   \n      \n            <br\/>\n            <hr \/>\n\t\t\n          <div class=\"vc_row wpb_row vc_row-fluid\" style=\"margin-bottom:10px; margin-top:20px; margin-left: 0px; margin-right: 0px;\"> <div class=\"wpb_wrapper\">\n\t\t\t\t\t\t<div class=\"wpb_wrapper company-logo\">\n                  \n          \t\t\t  <img decoding=\"async\" src=\"https:\/\/www.jobs.lu\/recruiters\/wp-content\/uploads\/2017\/04\/Landewyck-Testimonial.jpg\" title=\"Testimonial Logo\" class=\"alignleft\" style=\"float:left; \" \/>\n              \n            <\/div>   \n            \n          \n\t\t\t\t<div class=\"wpb_wrapper content-test\">\n            \n         \t\t\t <h3 style=\"font-size:1.5em; float:left; font-weight:bold;margin-bottom:0; \">Landewyck<\/h3>\n              \t\t\t<br clear=\"right\"\/>\n                  <div style=\"font-size:0.9em; line-height:1em;\"><p>Nearly 80% of our recruitments come from jobs.lu.<\/p>\n<\/div>\n       \t\t\t\t<p style=\"text-align:right; font-size:1em; margin:0;\"> <strong> Martine Herkes, Human Resources<\/strong> <\/p>\n        \t\t\n        \t\t\n              <\/div>\n               <br clear=\"all\"\/>\n            <\/div>\n          <\/div>   \n      \n            <br\/>\n            <hr \/>\n\t\t\n          <div class=\"vc_row wpb_row vc_row-fluid\" style=\"margin-bottom:10px; margin-top:20px; margin-left: 0px; margin-right: 0px;\"> <div class=\"wpb_wrapper\">\n\t\t\t\t\t\t<div class=\"wpb_wrapper company-logo\">\n                  \n          \t\t\t  <img decoding=\"async\" src=\"https:\/\/www.jobs.lu\/recruiters\/wp-content\/uploads\/2017\/04\/FANUC-Testimonial.jpg\" title=\"Testimonial Logo\" class=\"alignleft\" style=\"float:left; \" \/>\n              \n            <\/div>   \n            \n          \n\t\t\t\t<div class=\"wpb_wrapper content-test\">\n            \n         \t\t\t <h3 style=\"font-size:1.5em; float:left; font-weight:bold;margin-bottom:0; \">Fanuc<\/h3>\n              \t\t\t<br clear=\"right\"\/>\n                  <div style=\"font-size:0.9em; line-height:1em;\"><p class=\"x_MsoNormal\"><span lang=\"FR\" data-olk-copy-source=\"MessageBody\">Chez FANUC, leader mondial de l&#8217;automatisation industrielle, nous sommes tr\u00e8s satisfaits de notre collaboration avec\u00a0<a title=\"https:\/\/url.de.m.mimecastprotect.com\/s\/LjmOC36zVzurXvPXcgfXuQWdeO?domain=jobs.lu\" href=\"https:\/\/url.de.m.mimecastprotect.com\/s\/LjmOC36zVzurXvPXcgfXuQWdeO?domain=jobs.lu\" data-auth=\"NotApplicable\" data-linkindex=\"7\">jobs.lu<\/a> pour nos besoins en recrutement. Leur plateforme offre une visibilit\u00e9 exceptionnelle et une base de donn\u00e9es de candidats qualifi\u00e9s, ce qui a grandement facilit\u00e9 notre processus de s\u00e9lection.\u00a0<\/span><span lang=\"FR\">L&#8217;\u00e9quipe de\u00a0<a title=\"https:\/\/url.de.m.mimecastprotect.com\/s\/LjmOC36zVzurXvPXcgfXuQWdeO?domain=jobs.lu\" href=\"https:\/\/url.de.m.mimecastprotect.com\/s\/LjmOC36zVzurXvPXcgfXuQWdeO?domain=jobs.lu\" data-auth=\"NotApplicable\" data-linkindex=\"8\">jobs.lu<\/a>\u00a0s&#8217;est distingu\u00e9e par son professionnalisme et sa r\u00e9activit\u00e9, nous accompagnant efficacement \u00e0 chaque \u00e9tape. Gr\u00e2ce \u00e0 leur connaissance du march\u00e9 luxembourgeois, nous avons pu recruter des talents de qualit\u00e9, tant locaux qu&#8217;internationaux.<\/span><\/p>\n<p class=\"x_MsoNormal\"><span lang=\"FR\">Nous recommandons\u00a0<a title=\"https:\/\/url.de.m.mimecastprotect.com\/s\/LjmOC36zVzurXvPXcgfXuQWdeO?domain=jobs.lu\" href=\"https:\/\/url.de.m.mimecastprotect.com\/s\/LjmOC36zVzurXvPXcgfXuQWdeO?domain=jobs.lu\" data-auth=\"NotApplicable\" data-linkindex=\"9\">jobs.lu<\/a>\u00a0\u00e0 toute entreprise cherchant \u00e0 recruter au Luxembourg.<\/span><\/p>\n<\/div>\n       \t\t\t\t<p style=\"text-align:right; font-size:1em; margin:0;\"> <strong> Lydia LEU-SARRITZU, Sustainability Coordinator<\/strong> <\/p>\n        \t\t\n        \t\t\n              <\/div>\n               <br clear=\"all\"\/>\n            <\/div>\n          <\/div>   \n      \n            <br\/>\n            <hr \/>\n\t\t\n          <div class=\"vc_row wpb_row vc_row-fluid\" style=\"margin-bottom:10px; margin-top:20px; margin-left: 0px; margin-right: 0px;\"> <div class=\"wpb_wrapper\">\n\t\t\t\t\t\t<div class=\"wpb_wrapper company-logo\">\n                  \n          \t\t\t  <img decoding=\"async\" src=\"https:\/\/www.jobs.lu\/recruiters\/wp-content\/uploads\/2017\/04\/CERATIZIT-Testimonial.jpg\" title=\"Testimonial Logo\" class=\"alignleft\" style=\"float:left; \" \/>\n              \n            <\/div>   \n            \n          \n\t\t\t\t<div class=\"wpb_wrapper content-test\">\n            \n         \t\t\t <h3 style=\"font-size:1.5em; float:left; font-weight:bold;margin-bottom:0; \">CERATIZIT<\/h3>\n              \t\t\t<br clear=\"right\"\/>\n                  <div style=\"font-size:0.9em; line-height:1em;\"><p>Jobs.lu is a reference website in Luxembourg. its good market position and scope bring us high visibility.<\/p>\n<\/div>\n       \t\t\t\t<p style=\"text-align:right; font-size:1em; margin:0;\"> <strong> Matthieu Cisowski, HR Manager<\/strong> <\/p>\n        \t\t\n        \t\t\n              <\/div>\n               <br clear=\"all\"\/>\n            <\/div>\n          <\/div>   \n      \n            <br\/>\n            <hr \/>\n\t\t\n          <div class=\"vc_row wpb_row vc_row-fluid\" style=\"margin-bottom:10px; margin-top:20px; margin-left: 0px; margin-right: 0px;\"> <div class=\"wpb_wrapper\">\n\t\t\t\t\t\t<div class=\"wpb_wrapper company-logo\">\n                  \n          \t\t\t  <img decoding=\"async\" src=\"https:\/\/www.jobs.lu\/recruiters\/wp-content\/uploads\/2017\/04\/Cargolux-Testimonial.jpg\" title=\"Testimonial Logo\" class=\"alignleft\" style=\"float:left; \" \/>\n              \n            <\/div>   \n            \n          \n\t\t\t\t<div class=\"wpb_wrapper content-test\">\n            \n         \t\t\t <h3 style=\"font-size:1.5em; float:left; font-weight:bold;margin-bottom:0; \">Cargolux<\/h3>\n              \t\t\t<br clear=\"right\"\/>\n                  <div style=\"font-size:0.9em; line-height:1em;\"><p>It is clear, practical and flexible. The teams know how to advise us to reach the right candidates.<\/p>\n<\/div>\n       \t\t\t\t<p style=\"text-align:right; font-size:1em; margin:0;\"> <strong> Rachel Collignon & Anne-Sophie Mangen, Recruitment Services at Cargolux Airlines international<\/strong> <\/p>\n        \t\t\n        \t\t\n              <\/div>\n               <br clear=\"all\"\/>\n            <\/div>\n          <\/div>   \n      \n            <br\/>\n            <hr \/>\n\t\t\n          <div class=\"vc_row wpb_row vc_row-fluid\" style=\"margin-bottom:10px; margin-top:20px; margin-left: 0px; margin-right: 0px;\"> <div class=\"wpb_wrapper\">\n\t\t\t\t\t\t<div class=\"wpb_wrapper company-logo\">\n                  \n          \t\t\t  <img decoding=\"async\" src=\"https:\/\/www.jobs.lu\/recruiters\/wp-content\/uploads\/2017\/04\/Advanzia-Testimonial.jpg\" title=\"Testimonial Logo\" class=\"alignleft\" style=\"float:left; \" \/>\n              \n            <\/div>   \n            \n          \n\t\t\t\t<div class=\"wpb_wrapper content-test\">\n            \n         \t\t\t <h3 style=\"font-size:1.5em; float:left; font-weight:bold;margin-bottom:0; \">Advanzia<\/h3>\n              \t\t\t<br clear=\"right\"\/>\n                  <div style=\"font-size:0.9em; line-height:1em;\"><p>This high-quality service really makes the difference.<\/p>\n<\/div>\n       \t\t\t\t<p style=\"text-align:right; font-size:1em; margin:0;\"> <strong> Anne Barel, HR Officer<\/strong> <\/p>\n        \t\t\n        \t\t\n              <\/div>\n               <br clear=\"all\"\/>\n            <\/div>\n          <\/div>   \n      \n            <br\/>\n            <hr \/>\n\t\t\n\t\n\n\t\n\t\n<\/div>\n[\/vc_column_text][\/vc_column][\/vc_row]<\/p>\n","protected":false},"excerpt":{"rendered":"<p>[vc_row][vc_column][vc_column_text][\/vc_column_text][\/vc_column][\/vc_row]<\/p>\n","protected":false},"author":3,"featured_media":0,"parent":0,"menu_order":0,"comment_status":"closed","ping_status":"closed","template":"","meta":{"footnotes":""},"class_list":["post-15","page","type-page","status-publish","hentry"],"yoast_head":"<!-- This site is optimized with the Yoast SEO plugin v15.0 - https:\/\/yoast.com\/wordpress\/plugins\/seo\/ -->\n<meta name=\"robots\" content=\"index, follow, max-snippet:-1, max-image-preview:large, max-video-preview:-1\" \/>\n<link rel=\"canonical\" href=\"https:\/\/en.jobs.lu\/recruiters\/testimonials\/\" \/>\n<meta property=\"og:locale\" content=\"en_US\" \/>\n<meta property=\"og:type\" content=\"article\" \/>\n<meta property=\"og:title\" content=\"Testimonials - Jobs.lu\" \/>\n<meta property=\"og:description\" content=\"[vc_row][vc_column][vc_column_text][\/vc_column_text][\/vc_column][\/vc_row]\" \/>\n<meta property=\"og:url\" content=\"https:\/\/en.jobs.lu\/recruiters\/testimonials\/\" \/>\n<meta property=\"og:site_name\" content=\"Jobs.lu\" \/>\n<meta property=\"article:modified_time\" content=\"2019-11-21T10:17:29+00:00\" \/>\n<meta name=\"twitter:card\" content=\"summary\" \/>\n<script type=\"application\/ld+json\" class=\"yoast-schema-graph\">{\"@context\":\"https:\/\/schema.org\",\"@graph\":[{\"@type\":\"WebSite\",\"@id\":\"https:\/\/en.jobs.lu\/recruiters\/#website\",\"url\":\"https:\/\/en.jobs.lu\/recruiters\/\",\"name\":\"Jobs.lu\",\"description\":\"Recruiters &amp; Employer information\",\"potentialAction\":[{\"@type\":\"SearchAction\",\"target\":\"https:\/\/en.jobs.lu\/recruiters\/?s={search_term_string}\",\"query-input\":\"required name=search_term_string\"}],\"inLanguage\":\"en\"},{\"@type\":\"WebPage\",\"@id\":\"https:\/\/en.jobs.lu\/recruiters\/testimonials\/#webpage\",\"url\":\"https:\/\/en.jobs.lu\/recruiters\/testimonials\/\",\"name\":\"Testimonials - Jobs.lu\",\"isPartOf\":{\"@id\":\"https:\/\/en.jobs.lu\/recruiters\/#website\"},\"datePublished\":\"2017-04-05T12:38:26+00:00\",\"dateModified\":\"2019-11-21T10:17:29+00:00\",\"inLanguage\":\"en\",\"potentialAction\":[{\"@type\":\"ReadAction\",\"target\":[\"https:\/\/en.jobs.lu\/recruiters\/testimonials\/\"]}]}]}<\/script>\n<!-- \/ Yoast SEO plugin. -->","_links":{"self":[{"href":"https:\/\/en.jobs.lu\/recruiters\/wp-json\/wp\/v2\/pages\/15"}],"collection":[{"href":"https:\/\/en.jobs.lu\/recruiters\/wp-json\/wp\/v2\/pages"}],"about":[{"href":"https:\/\/en.jobs.lu\/recruiters\/wp-json\/wp\/v2\/types\/page"}],"author":[{"embeddable":true,"href":"https:\/\/en.jobs.lu\/recruiters\/wp-json\/wp\/v2\/users\/3"}],"replies":[{"embeddable":true,"href":"https:\/\/en.jobs.lu\/recruiters\/wp-json\/wp\/v2\/comments?post=15"}],"version-history":[{"count":0,"href":"https:\/\/en.jobs.lu\/recruiters\/wp-json\/wp\/v2\/pages\/15\/revisions"}],"wp:attachment":[{"href":"https:\/\/en.jobs.lu\/recruiters\/wp-json\/wp\/v2\/media?parent=15"}],"curies":[{"name":"wp","href":"https:\/\/api.w.org\/{rel}","templated":true}]}}